{"id":50528,"date":"2022-02-03T12:40:49","date_gmt":"2022-02-03T12:40:49","guid":{"rendered":"https:\/\/www.canserrat.com\/qui-sommes-nous\/"},"modified":"2022-10-24T06:43:05","modified_gmt":"2022-10-24T06:43:05","slug":"qui-sommes-nous","status":"publish","type":"page","link":"https:\/\/www.canserrat.com\/fr\/qui-sommes-nous\/","title":{"rendered":"Qui sommes nous"},"content":{"rendered":"\t\t<div data-elementor-type=\"wp-page\" data-elementor-id=\"50528\" class=\"elementor elementor-50528 elementor-49601\">\n\t\t\t\t\t\t\t\t\t<section class=\"elementor-section elementor-top-section elementor-element elementor-element-5ba8849 elementor-section-height-min-height elementor-section-boxed elementor-section-height-default elementor-section-items-middle\" data-id=\"5ba8849\" data-element_type=\"section\" data-settings=\"{&quot;background_background&quot;:&quot;classic&quot;}\">\n\t\t\t\t\t\t<div class=\"elementor-container elementor-column-gap-wider\">\n\t\t\t\t\t<div class=\"elementor-column elementor-col-100 elementor-top-column elementor-element elementor-element-4c9b1d9\" data-id=\"4c9b1d9\" data-element_type=\"column\">\n\t\t\t<div class=\"elementor-widget-wrap elementor-element-populated\">\n\t\t\t\t\t\t\t\t<div class=\"elementor-element elementor-element-41fe1ca elementor-widget__width-auto animated-fast elementor-invisible elementor-widget elementor-widget-heading\" data-id=\"41fe1ca\" data-element_type=\"widget\" data-settings=\"{&quot;_animation&quot;:&quot;fadeInUp&quot;}\" data-widget_type=\"heading.default\">\n\t\t\t\t<div class=\"elementor-widget-container\">\n\t\t\t<style>\/*! elementor - v3.16.0 - 20-09-2023 *\/\n.elementor-heading-title{padding:0;margin:0;line-height:1}.elementor-widget-heading .elementor-heading-title[class*=elementor-size-]>a{color:inherit;font-size:inherit;line-height:inherit}.elementor-widget-heading .elementor-heading-title.elementor-size-small{font-size:15px}.elementor-widget-heading .elementor-heading-title.elementor-size-medium{font-size:19px}.elementor-widget-heading .elementor-heading-title.elementor-size-large{font-size:29px}.elementor-widget-heading .elementor-heading-title.elementor-size-xl{font-size:39px}.elementor-widget-heading .elementor-heading-title.elementor-size-xxl{font-size:59px}<\/style><h2 class=\"elementor-heading-title elementor-size-default\">Qui sommes-nous?<\/h2>\t\t<\/div>\n\t\t\t\t<\/div>\n\t\t\t\t<div class=\"elementor-element elementor-element-8000ed1 elementor-widget elementor-widget-spacer\" data-id=\"8000ed1\" data-element_type=\"widget\" data-widget_type=\"spacer.default\">\n\t\t\t\t<div class=\"elementor-widget-container\">\n\t\t\t<style>\/*! elementor - v3.16.0 - 20-09-2023 *\/\n.elementor-column .elementor-spacer-inner{height:var(--spacer-size)}.e-con{--container-widget-width:100%}.e-con-inner>.elementor-widget-spacer,.e-con>.elementor-widget-spacer{width:var(--container-widget-width,var(--spacer-size));--align-self:var(--container-widget-align-self,initial);--flex-shrink:0}.e-con-inner>.elementor-widget-spacer>.elementor-widget-container,.e-con>.elementor-widget-spacer>.elementor-widget-container{height:100%;width:100%}.e-con-inner>.elementor-widget-spacer>.elementor-widget-container>.elementor-spacer,.e-con>.elementor-widget-spacer>.elementor-widget-container>.elementor-spacer{height:100%}.e-con-inner>.elementor-widget-spacer>.elementor-widget-container>.elementor-spacer>.elementor-spacer-inner,.e-con>.elementor-widget-spacer>.elementor-widget-container>.elementor-spacer>.elementor-spacer-inner{height:var(--container-widget-height,var(--spacer-size))}.e-con-inner>.elementor-widget-spacer.elementor-widget-empty,.e-con>.elementor-widget-spacer.elementor-widget-empty{position:relative;min-height:22px;min-width:22px}.e-con-inner>.elementor-widget-spacer.elementor-widget-empty .elementor-widget-empty-icon,.e-con>.elementor-widget-spacer.elementor-widget-empty .elementor-widget-empty-icon{position:absolute;top:0;bottom:0;left:0;right:0;margin:auto;padding:0;width:22px;height:22px}<\/style>\t\t<div class=\"elementor-spacer\">\n\t\t\t<div class=\"elementor-spacer-inner\"><\/div>\n\t\t<\/div>\n\t\t\t\t<\/div>\n\t\t\t\t<\/div>\n\t\t\t\t<div class=\"elementor-element elementor-element-f5e6f26 elementor-invisible elementor-widget elementor-widget-heading\" data-id=\"f5e6f26\" data-element_type=\"widget\" data-settings=\"{&quot;_animation&quot;:&quot;fadeIn&quot;,&quot;_animation_delay&quot;:400}\" data-widget_type=\"heading.default\">\n\t\t\t\t<div class=\"elementor-widget-container\">\n\t\t\t<h1 class=\"elementor-heading-title elementor-size-default\">Exp\u00e9rience et tradition depuis 1954<\/h1>\t\t<\/div>\n\t\t\t\t<\/div>\n\t\t\t\t\t<\/div>\n\t\t<\/div>\n\t\t\t\t\t\t\t<\/div>\n\t\t<\/section>\n\t\t\t\t<section class=\"elementor-section elementor-top-section elementor-element elementor-element-b1062d0 elementor-reverse-mobile elementor-section-content-middle elementor-section-boxed elementor-section-height-default elementor-section-height-default\" data-id=\"b1062d0\" data-element_type=\"section\">\n\t\t\t\t\t\t<div class=\"elementor-container elementor-column-gap-wider\">\n\t\t\t\t\t<div class=\"elementor-column elementor-col-50 elementor-top-column elementor-element elementor-element-46d6bc1\" data-id=\"46d6bc1\" data-element_type=\"column\">\n\t\t\t<div class=\"elementor-widget-wrap elementor-element-populated\">\n\t\t\t\t\t\t\t\t<div class=\"elementor-element elementor-element-9ca002c elementor-widget elementor-widget-heading\" data-id=\"9ca002c\" data-element_type=\"widget\" data-widget_type=\"heading.default\">\n\t\t\t\t<div class=\"elementor-widget-container\">\n\t\t\t<h2 class=\"elementor-heading-title elementor-size-default\">Can Serrat<\/h2>\t\t<\/div>\n\t\t\t\t<\/div>\n\t\t\t\t<div class=\"elementor-element elementor-element-8c8e895 elementor-widget elementor-widget-spacer\" data-id=\"8c8e895\" data-element_type=\"widget\" data-widget_type=\"spacer.default\">\n\t\t\t\t<div class=\"elementor-widget-container\">\n\t\t\t\t\t<div class=\"elementor-spacer\">\n\t\t\t<div class=\"elementor-spacer-inner\"><\/div>\n\t\t<\/div>\n\t\t\t\t<\/div>\n\t\t\t\t<\/div>\n\t\t\t\t<div class=\"elementor-element elementor-element-7393556 elementor-widget elementor-widget-text-editor\" data-id=\"7393556\" data-element_type=\"widget\" data-widget_type=\"text-editor.default\">\n\t\t\t\t<div class=\"elementor-widget-container\">\n\t\t\t<style>\/*! elementor - v3.16.0 - 20-09-2023 *\/\n.elementor-widget-text-editor.elementor-drop-cap-view-stacked .elementor-drop-cap{background-color:#69727d;color:#fff}.elementor-widget-text-editor.elementor-drop-cap-view-framed .elementor-drop-cap{color:#69727d;border:3px solid;background-color:transparent}.elementor-widget-text-editor:not(.elementor-drop-cap-view-default) .elementor-drop-cap{margin-top:8px}.elementor-widget-text-editor:not(.elementor-drop-cap-view-default) .elementor-drop-cap-letter{width:1em;height:1em}.elementor-widget-text-editor .elementor-drop-cap{float:left;text-align:center;line-height:1;font-size:50px}.elementor-widget-text-editor .elementor-drop-cap-letter{display:inline-block}<\/style>\t\t\t\tOriginaire de Vic, notre grand-p\u00e8re Ramon Serrat, s&rsquo;installe \u00e0 Matar\u00f3 pour fonder sa boutique en 1954. Avec la grand-m\u00e8re Conxita, ils mettent en place une m\u00e9thode de travail propre, qui se base sur le soin dans la manipulation d\u2019un produit de tr\u00e8s haute qualit\u00e9.\r\n\r\nLa deuxi\u00e8me g\u00e9n\u00e9ration, Susi et Sergi, suivirent la m\u00eame m\u00e9thodologie de travail h\u00e9rit\u00e9e qui leur donna une grande reconnaissance et prestige. Ils ont apport\u00e9 de la modernit\u00e9 et de nombreuses innovations en r\u00e9ponse aux besoins et demandes de leurs clients. \r\n\r\nAvec l&rsquo;entr\u00e9e de la troisi\u00e8me g\u00e9n\u00e9ration, Oriol et Nora, le pari sur la qualit\u00e9 et le service client, reste le fondement de l&rsquo;entreprise. 60 ans plus tard de sa cr\u00e9ation, les besoins de la population ne cessent d\u2019\u00e9voluer et \u00e9galement Can Serrat en s\u2019adaptant aux besoins de ses clients, en offrant davantage de produits innovants, toujours plus originaux et sophistiqu\u00e9s sans oublier le respect pour les produits maison et la tradition de la charcuterie.\t\t\t\t\t\t<\/div>\n\t\t\t\t<\/div>\n\t\t\t\t<div class=\"elementor-element elementor-element-9f03e75 elementor-widget elementor-widget-spacer\" data-id=\"9f03e75\" data-element_type=\"widget\" data-widget_type=\"spacer.default\">\n\t\t\t\t<div class=\"elementor-widget-container\">\n\t\t\t\t\t<div class=\"elementor-spacer\">\n\t\t\t<div class=\"elementor-spacer-inner\"><\/div>\n\t\t<\/div>\n\t\t\t\t<\/div>\n\t\t\t\t<\/div>\n\t\t\t\t\t<\/div>\n\t\t<\/div>\n\t\t\t\t<div class=\"elementor-column elementor-col-50 elementor-top-column elementor-element elementor-element-6132644\" data-id=\"6132644\" data-element_type=\"column\">\n\t\t\t<div class=\"elementor-widget-wrap elementor-element-populated\">\n\t\t\t\t\t\t\t\t<div class=\"elementor-element elementor-element-86a4665 elementor-widget elementor-widget-image\" data-id=\"86a4665\" data-element_type=\"widget\" data-widget_type=\"image.default\">\n\t\t\t\t<div class=\"elementor-widget-container\">\n\t\t\t<style>\/*! elementor - v3.16.0 - 20-09-2023 *\/\n.elementor-widget-image{text-align:center}.elementor-widget-image a{display:inline-block}.elementor-widget-image a img[src$=\".svg\"]{width:48px}.elementor-widget-image img{vertical-align:middle;display:inline-block}<\/style>\t\t\t\t\t\t\t\t\t\t\t\t<img loading=\"lazy\" decoding=\"async\" width=\"1200\" height=\"800\" src=\"https:\/\/www.canserrat.com\/wp-content\/uploads\/2022\/01\/historia.png\" class=\"attachment-full size-full wp-image-49604\" alt=\"\" srcset=\"https:\/\/www.canserrat.com\/wp-content\/uploads\/2022\/01\/historia.png 1200w, https:\/\/www.canserrat.com\/wp-content\/uploads\/2022\/01\/historia-300x200.png 300w, https:\/\/www.canserrat.com\/wp-content\/uploads\/2022\/01\/historia-1024x683.png 1024w, https:\/\/www.canserrat.com\/wp-content\/uploads\/2022\/01\/historia-768x512.png 768w\" sizes=\"auto, (max-width: 1200px) 100vw, 1200px\" \/>\t\t\t\t\t\t\t\t\t\t\t\t\t\t\t<\/div>\n\t\t\t\t<\/div>\n\t\t\t\t\t<\/div>\n\t\t<\/div>\n\t\t\t\t\t\t\t<\/div>\n\t\t<\/section>\n\t\t\t\t<section class=\"elementor-section elementor-top-section elementor-element elementor-element-70a2360 elementor-section-boxed elementor-section-height-default elementor-section-height-default\" data-id=\"70a2360\" data-element_type=\"section\" data-settings=\"{&quot;background_background&quot;:&quot;classic&quot;}\">\n\t\t\t\t\t\t<div class=\"elementor-container elementor-column-gap-wider\">\n\t\t\t\t\t<div class=\"elementor-column elementor-col-50 elementor-top-column elementor-element elementor-element-d57b4d8\" data-id=\"d57b4d8\" data-element_type=\"column\">\n\t\t\t<div class=\"elementor-widget-wrap elementor-element-populated\">\n\t\t\t\t\t\t\t\t<div class=\"elementor-element elementor-element-b947bdf elementor-widget elementor-widget-image\" data-id=\"b947bdf\" data-element_type=\"widget\" data-widget_type=\"image.default\">\n\t\t\t\t<div class=\"elementor-widget-container\">\n\t\t\t\t\t\t\t\t\t\t\t\t\t\t\t<img loading=\"lazy\" decoding=\"async\" width=\"1200\" height=\"800\" src=\"https:\/\/www.canserrat.com\/wp-content\/uploads\/2022\/01\/historia2.png\" class=\"attachment-full size-full wp-image-49605\" alt=\"\" srcset=\"https:\/\/www.canserrat.com\/wp-content\/uploads\/2022\/01\/historia2.png 1200w, https:\/\/www.canserrat.com\/wp-content\/uploads\/2022\/01\/historia2-300x200.png 300w, https:\/\/www.canserrat.com\/wp-content\/uploads\/2022\/01\/historia2-1024x683.png 1024w, https:\/\/www.canserrat.com\/wp-content\/uploads\/2022\/01\/historia2-768x512.png 768w\" sizes=\"auto, (max-width: 1200px) 100vw, 1200px\" \/>\t\t\t\t\t\t\t\t\t\t\t\t\t\t\t<\/div>\n\t\t\t\t<\/div>\n\t\t\t\t\t<\/div>\n\t\t<\/div>\n\t\t\t\t<div class=\"elementor-column elementor-col-50 elementor-top-column elementor-element elementor-element-8579a39\" data-id=\"8579a39\" data-element_type=\"column\" data-settings=\"{&quot;background_background&quot;:&quot;classic&quot;}\">\n\t\t\t<div class=\"elementor-widget-wrap elementor-element-populated\">\n\t\t\t\t\t\t\t\t<div class=\"elementor-element elementor-element-b4058f8 elementor-widget elementor-widget-text-editor\" data-id=\"b4058f8\" data-element_type=\"widget\" data-widget_type=\"text-editor.default\">\n\t\t\t\t<div class=\"elementor-widget-container\">\n\t\t\t\t\t\t\tEn 2015, ouvre sa premi\u00e8re boutique on-line, un nouveau canal de vente que Can Serrat propose avec le m\u00eame engagement que le premier jour, tout en offrant la meilleure qualit\u00e9 au client.\r\n\r\nEn 2019, le service de commandes via WhatsApp est activ\u00e9, pour favoriser les commandes de nos clients qui disposent de moins de temps pour les r\u00e9aliser. Nous souhaitons rester \u00e0 leurs c\u00f4t\u00e9s et leur faciliter le quotidien. Nous promouvons la livraison \u00e0 domicile dans la ville de Matar\u00f3 et ses villages adjacentes.\r\n\r\nEn 2020, le service \u00e0 domicile s\u2019\u00e9tendu vers la grande ville. Nous pouvons arriver dans toutes les maisons de Barcelone.\t\t\t\t\t\t<\/div>\n\t\t\t\t<\/div>\n\t\t\t\t<div class=\"elementor-element elementor-element-649e844 elementor-widget elementor-widget-spacer\" data-id=\"649e844\" data-element_type=\"widget\" data-widget_type=\"spacer.default\">\n\t\t\t\t<div class=\"elementor-widget-container\">\n\t\t\t\t\t<div class=\"elementor-spacer\">\n\t\t\t<div class=\"elementor-spacer-inner\"><\/div>\n\t\t<\/div>\n\t\t\t\t<\/div>\n\t\t\t\t<\/div>\n\t\t\t\t\t<\/div>\n\t\t<\/div>\n\t\t\t\t\t\t\t<\/div>\n\t\t<\/section>\n\t\t\t\t<section class=\"elementor-section elementor-top-section elementor-element elementor-element-4bdee0b elementor-reverse-tablet elementor-section-boxed elementor-section-height-default elementor-section-height-default\" data-id=\"4bdee0b\" data-element_type=\"section\" data-settings=\"{&quot;background_background&quot;:&quot;classic&quot;}\">\n\t\t\t\t\t\t<div class=\"elementor-container elementor-column-gap-wider\">\n\t\t\t\t\t<div class=\"elementor-column elementor-col-50 elementor-top-column elementor-element elementor-element-8e8d0fe\" data-id=\"8e8d0fe\" data-element_type=\"column\" data-settings=\"{&quot;background_background&quot;:&quot;classic&quot;}\">\n\t\t\t<div class=\"elementor-widget-wrap elementor-element-populated\">\n\t\t\t\t\t\t\t\t<div class=\"elementor-element elementor-element-c6bb3f1 elementor-widget elementor-widget-text-editor\" data-id=\"c6bb3f1\" data-element_type=\"widget\" data-widget_type=\"text-editor.default\">\n\t\t\t\t<div class=\"elementor-widget-container\">\n\t\t\t\t\t\t\tEn 2019, le service de commande WhatsApp est activ\u00e9, pour faciliter les achats de nos clients qui b\u00e9n\u00e9ficient de moins de temps pour les faire. Nous voulons continuer \u00e0 \u00eatre proches d&rsquo;eux et faciliter leur quotidien.\r\nLe service \u00e0 domicile est renforc\u00e9 dans la ville de Matar\u00f3 et ses communes adjacentes.\r\n\r\nEn 2020, nous nous \u00e9tendons vers la grande ville. Nous pouvons atteindre toutes les maisons de Barcelone.\r\n\r\nEn 2022, nous continuons \u00e0 grandir en tant qu&rsquo;entreprise. Can Serrat et Carns Asturg\u00f3 sont ensemble depuis 4 ans maintenant et nous pensons qu&rsquo;il est temps d&rsquo;unifier la marque commerciale et de cr\u00e9er une seule marque <strong>\u00ab\u00a0Can Serrat &#8211; Cansaladers, Xarcuters, Butchers &#8211; Since 1954\u00a0\u00bb<\/strong>.\r\n\r\nProfitant du fait que nous avons maintenant tous nos produits dans le nouveau Can Serrat, en octobre 2022, nous ouvrirons notre quatri\u00e8me magasin, cette fois \u00e0 Port Marina de Premi\u00e0 de Mar.\t\t\t\t\t\t<\/div>\n\t\t\t\t<\/div>\n\t\t\t\t<div class=\"elementor-element elementor-element-0e05b28 elementor-widget elementor-widget-spacer\" data-id=\"0e05b28\" data-element_type=\"widget\" data-widget_type=\"spacer.default\">\n\t\t\t\t<div class=\"elementor-widget-container\">\n\t\t\t\t\t<div class=\"elementor-spacer\">\n\t\t\t<div class=\"elementor-spacer-inner\"><\/div>\n\t\t<\/div>\n\t\t\t\t<\/div>\n\t\t\t\t<\/div>\n\t\t\t\t\t<\/div>\n\t\t<\/div>\n\t\t\t\t<div class=\"elementor-column elementor-col-50 elementor-top-column elementor-element elementor-element-b984d00\" data-id=\"b984d00\" data-element_type=\"column\">\n\t\t\t<div class=\"elementor-widget-wrap elementor-element-populated\">\n\t\t\t\t\t\t\t\t<div class=\"elementor-element elementor-element-c04a6e6 elementor-widget elementor-widget-image\" data-id=\"c04a6e6\" data-element_type=\"widget\" data-widget_type=\"image.default\">\n\t\t\t\t<div class=\"elementor-widget-container\">\n\t\t\t\t\t\t\t\t\t\t\t\t\t\t\t<img loading=\"lazy\" decoding=\"async\" width=\"1800\" height=\"1200\" src=\"https:\/\/www.canserrat.com\/wp-content\/uploads\/2022\/02\/home_block.jpg\" class=\"attachment-full size-full wp-image-51223\" alt=\"\" srcset=\"https:\/\/www.canserrat.com\/wp-content\/uploads\/2022\/02\/home_block.jpg 1800w, https:\/\/www.canserrat.com\/wp-content\/uploads\/2022\/02\/home_block-300x200.jpg 300w, https:\/\/www.canserrat.com\/wp-content\/uploads\/2022\/02\/home_block-1024x683.jpg 1024w, https:\/\/www.canserrat.com\/wp-content\/uploads\/2022\/02\/home_block-768x512.jpg 768w, https:\/\/www.canserrat.com\/wp-content\/uploads\/2022\/02\/home_block-1536x1024.jpg 1536w, https:\/\/www.canserrat.com\/wp-content\/uploads\/2022\/02\/home_block-1200x800.jpg 1200w\" sizes=\"auto, (max-width: 1800px) 100vw, 1800px\" \/>\t\t\t\t\t\t\t\t\t\t\t\t\t\t\t<\/div>\n\t\t\t\t<\/div>\n\t\t\t\t\t<\/div>\n\t\t<\/div>\n\t\t\t\t\t\t\t<\/div>\n\t\t<\/section>\n\t\t\t\t\t\t\t<\/div>\n\t\t","protected":false},"excerpt":{"rendered":"<p>Qui sommes-nous? Exp\u00e9rience et tradition depuis 1954 Can Serrat Originaire de Vic, notre grand-p\u00e8re Ramon Serrat, s&rsquo;installe \u00e0 Matar\u00f3 pour fonder sa boutique en 1954. Avec la grand-m\u00e8re Conxita, ils mettent en place une m\u00e9thode de travail propre, qui se base sur le soin dans la manipulation d\u2019un produit de tr\u00e8s haute qualit\u00e9. La deuxi\u00e8me&hellip;<\/p>\n","protected":false},"author":1,"featured_media":0,"parent":0,"menu_order":20,"comment_status":"closed","ping_status":"closed","template":"elementor_header_footer","meta":{"footnotes":""},"class_list":["post-50528","page","type-page","status-publish","hentry"],"yoast_head":"<!-- This site is optimized with the Yoast SEO plugin v23.7 - https:\/\/yoast.com\/wordpress\/plugins\/seo\/ -->\n<title>Qui sommes nous - Can Serrat<\/title>\n<meta name=\"robots\" content=\"index, follow, max-snippet:-1, max-image-preview:large, max-video-preview:-1\" \/>\n<link rel=\"canonical\" href=\"https:\/\/www.canserrat.com\/fr\/qui-sommes-nous\/\" \/>\n<meta property=\"og:locale\" content=\"fr_FR\" \/>\n<meta property=\"og:type\" content=\"article\" \/>\n<meta property=\"og:title\" content=\"Qui sommes nous - Can Serrat\" \/>\n<meta property=\"og:description\" content=\"Qui sommes-nous? Exp\u00e9rience et tradition depuis 1954 Can Serrat Originaire de Vic, notre grand-p\u00e8re Ramon Serrat, s&rsquo;installe \u00e0 Matar\u00f3 pour fonder sa boutique en 1954. Avec la grand-m\u00e8re Conxita, ils mettent en place une m\u00e9thode de travail propre, qui se base sur le soin dans la manipulation d\u2019un produit de tr\u00e8s haute qualit\u00e9. La deuxi\u00e8me&hellip;\" \/>\n<meta property=\"og:url\" content=\"https:\/\/www.canserrat.com\/fr\/qui-sommes-nous\/\" \/>\n<meta property=\"og:site_name\" content=\"Can Serrat\" \/>\n<meta property=\"article:modified_time\" content=\"2022-10-24T06:43:05+00:00\" \/>\n<meta property=\"og:image\" content=\"https:\/\/www.canserrat.com\/wp-content\/uploads\/2022\/01\/historia.png\" \/>\n<meta name=\"twitter:card\" content=\"summary_large_image\" \/>\n<meta name=\"twitter:label1\" content=\"Dur\u00e9e de lecture estim\u00e9e\" \/>\n\t<meta name=\"twitter:data1\" content=\"2 minutes\" \/>\n<script type=\"application\/ld+json\" class=\"yoast-schema-graph\">{\"@context\":\"https:\/\/schema.org\",\"@graph\":[{\"@type\":\"WebPage\",\"@id\":\"https:\/\/www.canserrat.com\/fr\/qui-sommes-nous\/\",\"url\":\"https:\/\/www.canserrat.com\/fr\/qui-sommes-nous\/\",\"name\":\"Qui sommes nous - Can Serrat\",\"isPartOf\":{\"@id\":\"https:\/\/www.canserrat.com\/fr\/#website\"},\"primaryImageOfPage\":{\"@id\":\"https:\/\/www.canserrat.com\/fr\/qui-sommes-nous\/#primaryimage\"},\"image\":{\"@id\":\"https:\/\/www.canserrat.com\/fr\/qui-sommes-nous\/#primaryimage\"},\"thumbnailUrl\":\"https:\/\/www.canserrat.com\/wp-content\/uploads\/2022\/01\/historia.png\",\"datePublished\":\"2022-02-03T12:40:49+00:00\",\"dateModified\":\"2022-10-24T06:43:05+00:00\",\"breadcrumb\":{\"@id\":\"https:\/\/www.canserrat.com\/fr\/qui-sommes-nous\/#breadcrumb\"},\"inLanguage\":\"fr-FR\",\"potentialAction\":[{\"@type\":\"ReadAction\",\"target\":[\"https:\/\/www.canserrat.com\/fr\/qui-sommes-nous\/\"]}]},{\"@type\":\"ImageObject\",\"inLanguage\":\"fr-FR\",\"@id\":\"https:\/\/www.canserrat.com\/fr\/qui-sommes-nous\/#primaryimage\",\"url\":\"https:\/\/www.canserrat.com\/wp-content\/uploads\/2022\/01\/historia.png\",\"contentUrl\":\"https:\/\/www.canserrat.com\/wp-content\/uploads\/2022\/01\/historia.png\"},{\"@type\":\"BreadcrumbList\",\"@id\":\"https:\/\/www.canserrat.com\/fr\/qui-sommes-nous\/#breadcrumb\",\"itemListElement\":[{\"@type\":\"ListItem\",\"position\":1,\"name\":\"Inici\",\"item\":\"https:\/\/www.canserrat.com\/fr\/\"},{\"@type\":\"ListItem\",\"position\":2,\"name\":\"Qui sommes nous\"}]},{\"@type\":\"WebSite\",\"@id\":\"https:\/\/www.canserrat.com\/fr\/#website\",\"url\":\"https:\/\/www.canserrat.com\/fr\/\",\"name\":\"Can Serrat\",\"description\":\"\",\"publisher\":{\"@id\":\"https:\/\/www.canserrat.com\/fr\/#organization\"},\"potentialAction\":[{\"@type\":\"SearchAction\",\"target\":{\"@type\":\"EntryPoint\",\"urlTemplate\":\"https:\/\/www.canserrat.com\/fr\/?s={search_term_string}\"},\"query-input\":{\"@type\":\"PropertyValueSpecification\",\"valueRequired\":true,\"valueName\":\"search_term_string\"}}],\"inLanguage\":\"fr-FR\"},{\"@type\":\"Organization\",\"@id\":\"https:\/\/www.canserrat.com\/fr\/#organization\",\"name\":\"Can Serrat\",\"url\":\"https:\/\/www.canserrat.com\/fr\/\",\"logo\":{\"@type\":\"ImageObject\",\"inLanguage\":\"fr-FR\",\"@id\":\"https:\/\/www.canserrat.com\/fr\/#\/schema\/logo\/image\/\",\"url\":\"https:\/\/www.canserrat.com\/wp-content\/uploads\/2022\/10\/logo.png\",\"contentUrl\":\"https:\/\/www.canserrat.com\/wp-content\/uploads\/2022\/10\/logo.png\",\"width\":230,\"height\":57,\"caption\":\"Can Serrat\"},\"image\":{\"@id\":\"https:\/\/www.canserrat.com\/fr\/#\/schema\/logo\/image\/\"}}]}<\/script>\n<!-- \/ Yoast SEO plugin. -->","yoast_head_json":{"title":"Qui sommes nous - Can Serrat","robots":{"index":"index","follow":"follow","max-snippet":"max-snippet:-1","max-image-preview":"max-image-preview:large","max-video-preview":"max-video-preview:-1"},"canonical":"https:\/\/www.canserrat.com\/fr\/qui-sommes-nous\/","og_locale":"fr_FR","og_type":"article","og_title":"Qui sommes nous - Can Serrat","og_description":"Qui sommes-nous? Exp\u00e9rience et tradition depuis 1954 Can Serrat Originaire de Vic, notre grand-p\u00e8re Ramon Serrat, s&rsquo;installe \u00e0 Matar\u00f3 pour fonder sa boutique en 1954. Avec la grand-m\u00e8re Conxita, ils mettent en place une m\u00e9thode de travail propre, qui se base sur le soin dans la manipulation d\u2019un produit de tr\u00e8s haute qualit\u00e9. La deuxi\u00e8me&hellip;","og_url":"https:\/\/www.canserrat.com\/fr\/qui-sommes-nous\/","og_site_name":"Can Serrat","article_modified_time":"2022-10-24T06:43:05+00:00","og_image":[{"url":"https:\/\/www.canserrat.com\/wp-content\/uploads\/2022\/01\/historia.png"}],"twitter_card":"summary_large_image","twitter_misc":{"Dur\u00e9e de lecture estim\u00e9e":"2 minutes"},"schema":{"@context":"https:\/\/schema.org","@graph":[{"@type":"WebPage","@id":"https:\/\/www.canserrat.com\/fr\/qui-sommes-nous\/","url":"https:\/\/www.canserrat.com\/fr\/qui-sommes-nous\/","name":"Qui sommes nous - Can Serrat","isPartOf":{"@id":"https:\/\/www.canserrat.com\/fr\/#website"},"primaryImageOfPage":{"@id":"https:\/\/www.canserrat.com\/fr\/qui-sommes-nous\/#primaryimage"},"image":{"@id":"https:\/\/www.canserrat.com\/fr\/qui-sommes-nous\/#primaryimage"},"thumbnailUrl":"https:\/\/www.canserrat.com\/wp-content\/uploads\/2022\/01\/historia.png","datePublished":"2022-02-03T12:40:49+00:00","dateModified":"2022-10-24T06:43:05+00:00","breadcrumb":{"@id":"https:\/\/www.canserrat.com\/fr\/qui-sommes-nous\/#breadcrumb"},"inLanguage":"fr-FR","potentialAction":[{"@type":"ReadAction","target":["https:\/\/www.canserrat.com\/fr\/qui-sommes-nous\/"]}]},{"@type":"ImageObject","inLanguage":"fr-FR","@id":"https:\/\/www.canserrat.com\/fr\/qui-sommes-nous\/#primaryimage","url":"https:\/\/www.canserrat.com\/wp-content\/uploads\/2022\/01\/historia.png","contentUrl":"https:\/\/www.canserrat.com\/wp-content\/uploads\/2022\/01\/historia.png"},{"@type":"BreadcrumbList","@id":"https:\/\/www.canserrat.com\/fr\/qui-sommes-nous\/#breadcrumb","itemListElement":[{"@type":"ListItem","position":1,"name":"Inici","item":"https:\/\/www.canserrat.com\/fr\/"},{"@type":"ListItem","position":2,"name":"Qui sommes nous"}]},{"@type":"WebSite","@id":"https:\/\/www.canserrat.com\/fr\/#website","url":"https:\/\/www.canserrat.com\/fr\/","name":"Can Serrat","description":"","publisher":{"@id":"https:\/\/www.canserrat.com\/fr\/#organization"},"potentialAction":[{"@type":"SearchAction","target":{"@type":"EntryPoint","urlTemplate":"https:\/\/www.canserrat.com\/fr\/?s={search_term_string}"},"query-input":{"@type":"PropertyValueSpecification","valueRequired":true,"valueName":"search_term_string"}}],"inLanguage":"fr-FR"},{"@type":"Organization","@id":"https:\/\/www.canserrat.com\/fr\/#organization","name":"Can Serrat","url":"https:\/\/www.canserrat.com\/fr\/","logo":{"@type":"ImageObject","inLanguage":"fr-FR","@id":"https:\/\/www.canserrat.com\/fr\/#\/schema\/logo\/image\/","url":"https:\/\/www.canserrat.com\/wp-content\/uploads\/2022\/10\/logo.png","contentUrl":"https:\/\/www.canserrat.com\/wp-content\/uploads\/2022\/10\/logo.png","width":230,"height":57,"caption":"Can Serrat"},"image":{"@id":"https:\/\/www.canserrat.com\/fr\/#\/schema\/logo\/image\/"}}]}},"_links":{"self":[{"href":"https:\/\/www.canserrat.com\/fr\/wp-json\/wp\/v2\/pages\/50528","targetHints":{"allow":["GET"]}}],"collection":[{"href":"https:\/\/www.canserrat.com\/fr\/wp-json\/wp\/v2\/pages"}],"about":[{"href":"https:\/\/www.canserrat.com\/fr\/wp-json\/wp\/v2\/types\/page"}],"author":[{"embeddable":true,"href":"https:\/\/www.canserrat.com\/fr\/wp-json\/wp\/v2\/users\/1"}],"replies":[{"embeddable":true,"href":"https:\/\/www.canserrat.com\/fr\/wp-json\/wp\/v2\/comments?post=50528"}],"version-history":[{"count":10,"href":"https:\/\/www.canserrat.com\/fr\/wp-json\/wp\/v2\/pages\/50528\/revisions"}],"predecessor-version":[{"id":51486,"href":"https:\/\/www.canserrat.com\/fr\/wp-json\/wp\/v2\/pages\/50528\/revisions\/51486"}],"wp:attachment":[{"href":"https:\/\/www.canserrat.com\/fr\/wp-json\/wp\/v2\/media?parent=50528"}],"curies":[{"name":"wp","href":"https:\/\/api.w.org\/{rel}","templated":true}]}}