{"id":57852,"date":"2024-01-09T11:36:25","date_gmt":"2024-01-09T11:36:25","guid":{"rendered":"https:\/\/www.canserrat.com\/?page_id=57852"},"modified":"2024-01-09T11:36:25","modified_gmt":"2024-01-09T11:36:25","slug":"accesibilidad","status":"publish","type":"page","link":"https:\/\/www.canserrat.com\/es\/legal\/accesibilidad\/","title":{"rendered":"Accesibilidad"},"content":{"rendered":"\t\t<div data-elementor-type=\"wp-page\" data-elementor-id=\"57852\" class=\"elementor elementor-57852 elementor-57851\">\n\t\t\t\t\t\t\t\t\t<section class=\"elementor-section elementor-top-section elementor-element elementor-element-14597344 elementor-section-boxed elementor-section-height-default elementor-section-height-default\" data-id=\"14597344\" data-element_type=\"section\">\n\t\t\t\t\t\t<div class=\"elementor-container elementor-column-gap-default\">\n\t\t\t\t\t<div class=\"elementor-column elementor-col-100 elementor-top-column elementor-element elementor-element-2ba226db\" data-id=\"2ba226db\" data-element_type=\"column\">\n\t\t\t<div class=\"elementor-widget-wrap elementor-element-populated\">\n\t\t\t\t\t\t\t\t<div class=\"elementor-element elementor-element-ecd24b1 elementor-widget elementor-widget-heading\" data-id=\"ecd24b1\" data-element_type=\"widget\" data-widget_type=\"heading.default\">\n\t\t\t\t<div class=\"elementor-widget-container\">\n\t\t\t<style>\/*! elementor - v3.16.0 - 20-09-2023 *\/\n.elementor-heading-title{padding:0;margin:0;line-height:1}.elementor-widget-heading .elementor-heading-title[class*=elementor-size-]>a{color:inherit;font-size:inherit;line-height:inherit}.elementor-widget-heading .elementor-heading-title.elementor-size-small{font-size:15px}.elementor-widget-heading .elementor-heading-title.elementor-size-medium{font-size:19px}.elementor-widget-heading .elementor-heading-title.elementor-size-large{font-size:29px}.elementor-widget-heading .elementor-heading-title.elementor-size-xl{font-size:39px}.elementor-widget-heading .elementor-heading-title.elementor-size-xxl{font-size:59px}<\/style><h2 class=\"elementor-heading-title elementor-size-default\">Accesibilidad<\/h2>\t\t<\/div>\n\t\t\t\t<\/div>\n\t\t\t\t<div class=\"elementor-element elementor-element-d863956 elementor-widget elementor-widget-spacer\" data-id=\"d863956\" data-element_type=\"widget\" data-widget_type=\"spacer.default\">\n\t\t\t\t<div class=\"elementor-widget-container\">\n\t\t\t<style>\/*! elementor - v3.16.0 - 20-09-2023 *\/\n.elementor-column .elementor-spacer-inner{height:var(--spacer-size)}.e-con{--container-widget-width:100%}.e-con-inner>.elementor-widget-spacer,.e-con>.elementor-widget-spacer{width:var(--container-widget-width,var(--spacer-size));--align-self:var(--container-widget-align-self,initial);--flex-shrink:0}.e-con-inner>.elementor-widget-spacer>.elementor-widget-container,.e-con>.elementor-widget-spacer>.elementor-widget-container{height:100%;width:100%}.e-con-inner>.elementor-widget-spacer>.elementor-widget-container>.elementor-spacer,.e-con>.elementor-widget-spacer>.elementor-widget-container>.elementor-spacer{height:100%}.e-con-inner>.elementor-widget-spacer>.elementor-widget-container>.elementor-spacer>.elementor-spacer-inner,.e-con>.elementor-widget-spacer>.elementor-widget-container>.elementor-spacer>.elementor-spacer-inner{height:var(--container-widget-height,var(--spacer-size))}.e-con-inner>.elementor-widget-spacer.elementor-widget-empty,.e-con>.elementor-widget-spacer.elementor-widget-empty{position:relative;min-height:22px;min-width:22px}.e-con-inner>.elementor-widget-spacer.elementor-widget-empty .elementor-widget-empty-icon,.e-con>.elementor-widget-spacer.elementor-widget-empty .elementor-widget-empty-icon{position:absolute;top:0;bottom:0;left:0;right:0;margin:auto;padding:0;width:22px;height:22px}<\/style>\t\t<div class=\"elementor-spacer\">\n\t\t\t<div class=\"elementor-spacer-inner\"><\/div>\n\t\t<\/div>\n\t\t\t\t<\/div>\n\t\t\t\t<\/div>\n\t\t\t\t<div class=\"elementor-element elementor-element-42fdaaea elementor-widget elementor-widget-text-editor\" data-id=\"42fdaaea\" data-element_type=\"widget\" data-widget_type=\"text-editor.default\">\n\t\t\t\t<div class=\"elementor-widget-container\">\n\t\t\t<style>\/*! elementor - v3.16.0 - 20-09-2023 *\/\n.elementor-widget-text-editor.elementor-drop-cap-view-stacked .elementor-drop-cap{background-color:#69727d;color:#fff}.elementor-widget-text-editor.elementor-drop-cap-view-framed .elementor-drop-cap{color:#69727d;border:3px solid;background-color:transparent}.elementor-widget-text-editor:not(.elementor-drop-cap-view-default) .elementor-drop-cap{margin-top:8px}.elementor-widget-text-editor:not(.elementor-drop-cap-view-default) .elementor-drop-cap-letter{width:1em;height:1em}.elementor-widget-text-editor .elementor-drop-cap{float:left;text-align:center;line-height:1;font-size:50px}.elementor-widget-text-editor .elementor-drop-cap-letter{display:inline-block}<\/style>\t\t\t\t<p>Queremos que todo el mundo que visite la web de Can Serrat se sienta bienvenido y encuentre la experiencia gratificante.<\/p>\n<p>\u00bfQu\u00e9 estamos haciendo?<br \/>\nPara ayudarnos a hacer de la web de Can Serrat un sitio positivo para todos, hemos estado utilizando las Directrices de accesibilidad al contenido web (WCAG) 2.1. Estas directrices explican c\u00f3mo hacer que el contenido web sea m\u00e1s accesible para personas con discapacidad y f\u00e1cil de utilizar para todos.<\/p>\n<p>Las directrices tienen tres niveles de accesibilidad (A, AA y AAA). Hemos escogido el nivel AA como objetivo de la web de Can Serrat.<\/p>\n<p>\u00bfC\u00f3mo lo hacemos?<br \/>\nHemos trabajado mucho en la web de Can Serrat y creemos que hemos alcanzado nuestro objetivo de accesibilidad de nivel AA. Supervisamos el sitio web peri\u00f3dicamente para mantenerlo, pero si encuentra alg\u00fan problema, p\u00f3ngase en contacto.<\/p>\n<p>H\u00e1ganos saber qu\u00e9 le parece<br \/>\nSi le ha gustado utilizar la web de Can Serrat, o si ha tenido problemas con alguna parte de ella, p\u00f3ngase en contacto. Nos gustar\u00eda recibir noticias suyas de cualquiera de las siguientes formas:<\/p>\n<p>env\u00edanos un correo electr\u00f3nico a <a href=\"mailto:canserrat@canserrat.com\">canserrat@canserrat.com<\/a><br \/>\nll\u00e1manos al <a href=\"tel:937902662\">937902662<\/a><br \/>\nponte en contacto en<a href=\"https:\/\/www.canserrat.com\/es\/contacto\/\"> https:\/\/www.canserrat.com\/es\/contacto<\/a><\/p>\n\t\t\t\t\t\t<\/div>\n\t\t\t\t<\/div>\n\t\t\t\t\t<\/div>\n\t\t<\/div>\n\t\t\t\t\t\t\t<\/div>\n\t\t<\/section>\n\t\t\t\t\t\t\t<\/div>\n\t\t","protected":false},"excerpt":{"rendered":"<p>Accesibilidad Queremos que todo el mundo que visite la web de Can Serrat se sienta bienvenido y encuentre la experiencia gratificante. \u00bfQu\u00e9 estamos haciendo? Para ayudarnos a hacer de la web de Can Serrat un sitio positivo para todos, hemos estado utilizando las Directrices de accesibilidad al contenido web (WCAG) 2.1. Estas directrices explican c\u00f3mo&hellip;<\/p>\n","protected":false},"author":1,"featured_media":0,"parent":50605,"menu_order":0,"comment_status":"closed","ping_status":"closed","template":"elementor_header_footer","meta":{"footnotes":""},"class_list":["post-57852","page","type-page","status-publish","hentry"],"yoast_head":"<!-- This site is optimized with the Yoast SEO plugin v23.7 - https:\/\/yoast.com\/wordpress\/plugins\/seo\/ -->\n<title>Accesibilidad - Can Serrat<\/title>\n<meta name=\"robots\" content=\"index, follow, max-snippet:-1, max-image-preview:large, max-video-preview:-1\" \/>\n<link rel=\"canonical\" href=\"https:\/\/www.canserrat.com\/es\/legal\/accesibilidad\/\" \/>\n<meta property=\"og:locale\" content=\"es_ES\" \/>\n<meta property=\"og:type\" content=\"article\" \/>\n<meta property=\"og:title\" content=\"Accesibilidad - Can Serrat\" \/>\n<meta property=\"og:description\" content=\"Accesibilidad Queremos que todo el mundo que visite la web de Can Serrat se sienta bienvenido y encuentre la experiencia gratificante. \u00bfQu\u00e9 estamos haciendo? Para ayudarnos a hacer de la web de Can Serrat un sitio positivo para todos, hemos estado utilizando las Directrices de accesibilidad al contenido web (WCAG) 2.1. Estas directrices explican c\u00f3mo&hellip;\" \/>\n<meta property=\"og:url\" content=\"https:\/\/www.canserrat.com\/es\/legal\/accesibilidad\/\" \/>\n<meta property=\"og:site_name\" content=\"Can Serrat\" \/>\n<meta name=\"twitter:card\" content=\"summary_large_image\" \/>\n<meta name=\"twitter:label1\" content=\"Tiempo de lectura\" \/>\n\t<meta name=\"twitter:data1\" content=\"1 minuto\" \/>\n<script type=\"application\/ld+json\" class=\"yoast-schema-graph\">{\"@context\":\"https:\/\/schema.org\",\"@graph\":[{\"@type\":\"WebPage\",\"@id\":\"https:\/\/www.canserrat.com\/es\/legal\/accesibilidad\/\",\"url\":\"https:\/\/www.canserrat.com\/es\/legal\/accesibilidad\/\",\"name\":\"Accesibilidad - Can Serrat\",\"isPartOf\":{\"@id\":\"https:\/\/www.canserrat.com\/es\/#website\"},\"datePublished\":\"2024-01-09T11:36:25+00:00\",\"dateModified\":\"2024-01-09T11:36:25+00:00\",\"breadcrumb\":{\"@id\":\"https:\/\/www.canserrat.com\/es\/legal\/accesibilidad\/#breadcrumb\"},\"inLanguage\":\"es\",\"potentialAction\":[{\"@type\":\"ReadAction\",\"target\":[\"https:\/\/www.canserrat.com\/es\/legal\/accesibilidad\/\"]}]},{\"@type\":\"BreadcrumbList\",\"@id\":\"https:\/\/www.canserrat.com\/es\/legal\/accesibilidad\/#breadcrumb\",\"itemListElement\":[{\"@type\":\"ListItem\",\"position\":1,\"name\":\"Inici\",\"item\":\"https:\/\/www.canserrat.com\/es\/\"},{\"@type\":\"ListItem\",\"position\":2,\"name\":\"Legal\",\"item\":\"https:\/\/www.canserrat.com\/es\/legal\/\"},{\"@type\":\"ListItem\",\"position\":3,\"name\":\"Accesibilidad\"}]},{\"@type\":\"WebSite\",\"@id\":\"https:\/\/www.canserrat.com\/es\/#website\",\"url\":\"https:\/\/www.canserrat.com\/es\/\",\"name\":\"Can Serrat\",\"description\":\"\",\"publisher\":{\"@id\":\"https:\/\/www.canserrat.com\/es\/#organization\"},\"potentialAction\":[{\"@type\":\"SearchAction\",\"target\":{\"@type\":\"EntryPoint\",\"urlTemplate\":\"https:\/\/www.canserrat.com\/es\/?s={search_term_string}\"},\"query-input\":{\"@type\":\"PropertyValueSpecification\",\"valueRequired\":true,\"valueName\":\"search_term_string\"}}],\"inLanguage\":\"es\"},{\"@type\":\"Organization\",\"@id\":\"https:\/\/www.canserrat.com\/es\/#organization\",\"name\":\"Can Serrat\",\"url\":\"https:\/\/www.canserrat.com\/es\/\",\"logo\":{\"@type\":\"ImageObject\",\"inLanguage\":\"es\",\"@id\":\"https:\/\/www.canserrat.com\/es\/#\/schema\/logo\/image\/\",\"url\":\"https:\/\/www.canserrat.com\/wp-content\/uploads\/2022\/10\/logo.png\",\"contentUrl\":\"https:\/\/www.canserrat.com\/wp-content\/uploads\/2022\/10\/logo.png\",\"width\":230,\"height\":57,\"caption\":\"Can Serrat\"},\"image\":{\"@id\":\"https:\/\/www.canserrat.com\/es\/#\/schema\/logo\/image\/\"}}]}<\/script>\n<!-- \/ Yoast SEO plugin. -->","yoast_head_json":{"title":"Accesibilidad - Can Serrat","robots":{"index":"index","follow":"follow","max-snippet":"max-snippet:-1","max-image-preview":"max-image-preview:large","max-video-preview":"max-video-preview:-1"},"canonical":"https:\/\/www.canserrat.com\/es\/legal\/accesibilidad\/","og_locale":"es_ES","og_type":"article","og_title":"Accesibilidad - Can Serrat","og_description":"Accesibilidad Queremos que todo el mundo que visite la web de Can Serrat se sienta bienvenido y encuentre la experiencia gratificante. \u00bfQu\u00e9 estamos haciendo? Para ayudarnos a hacer de la web de Can Serrat un sitio positivo para todos, hemos estado utilizando las Directrices de accesibilidad al contenido web (WCAG) 2.1. Estas directrices explican c\u00f3mo&hellip;","og_url":"https:\/\/www.canserrat.com\/es\/legal\/accesibilidad\/","og_site_name":"Can Serrat","twitter_card":"summary_large_image","twitter_misc":{"Tiempo de lectura":"1 minuto"},"schema":{"@context":"https:\/\/schema.org","@graph":[{"@type":"WebPage","@id":"https:\/\/www.canserrat.com\/es\/legal\/accesibilidad\/","url":"https:\/\/www.canserrat.com\/es\/legal\/accesibilidad\/","name":"Accesibilidad - Can Serrat","isPartOf":{"@id":"https:\/\/www.canserrat.com\/es\/#website"},"datePublished":"2024-01-09T11:36:25+00:00","dateModified":"2024-01-09T11:36:25+00:00","breadcrumb":{"@id":"https:\/\/www.canserrat.com\/es\/legal\/accesibilidad\/#breadcrumb"},"inLanguage":"es","potentialAction":[{"@type":"ReadAction","target":["https:\/\/www.canserrat.com\/es\/legal\/accesibilidad\/"]}]},{"@type":"BreadcrumbList","@id":"https:\/\/www.canserrat.com\/es\/legal\/accesibilidad\/#breadcrumb","itemListElement":[{"@type":"ListItem","position":1,"name":"Inici","item":"https:\/\/www.canserrat.com\/es\/"},{"@type":"ListItem","position":2,"name":"Legal","item":"https:\/\/www.canserrat.com\/es\/legal\/"},{"@type":"ListItem","position":3,"name":"Accesibilidad"}]},{"@type":"WebSite","@id":"https:\/\/www.canserrat.com\/es\/#website","url":"https:\/\/www.canserrat.com\/es\/","name":"Can Serrat","description":"","publisher":{"@id":"https:\/\/www.canserrat.com\/es\/#organization"},"potentialAction":[{"@type":"SearchAction","target":{"@type":"EntryPoint","urlTemplate":"https:\/\/www.canserrat.com\/es\/?s={search_term_string}"},"query-input":{"@type":"PropertyValueSpecification","valueRequired":true,"valueName":"search_term_string"}}],"inLanguage":"es"},{"@type":"Organization","@id":"https:\/\/www.canserrat.com\/es\/#organization","name":"Can Serrat","url":"https:\/\/www.canserrat.com\/es\/","logo":{"@type":"ImageObject","inLanguage":"es","@id":"https:\/\/www.canserrat.com\/es\/#\/schema\/logo\/image\/","url":"https:\/\/www.canserrat.com\/wp-content\/uploads\/2022\/10\/logo.png","contentUrl":"https:\/\/www.canserrat.com\/wp-content\/uploads\/2022\/10\/logo.png","width":230,"height":57,"caption":"Can Serrat"},"image":{"@id":"https:\/\/www.canserrat.com\/es\/#\/schema\/logo\/image\/"}}]}},"_links":{"self":[{"href":"https:\/\/www.canserrat.com\/es\/wp-json\/wp\/v2\/pages\/57852","targetHints":{"allow":["GET"]}}],"collection":[{"href":"https:\/\/www.canserrat.com\/es\/wp-json\/wp\/v2\/pages"}],"about":[{"href":"https:\/\/www.canserrat.com\/es\/wp-json\/wp\/v2\/types\/page"}],"author":[{"embeddable":true,"href":"https:\/\/www.canserrat.com\/es\/wp-json\/wp\/v2\/users\/1"}],"replies":[{"embeddable":true,"href":"https:\/\/www.canserrat.com\/es\/wp-json\/wp\/v2\/comments?post=57852"}],"version-history":[{"count":3,"href":"https:\/\/www.canserrat.com\/es\/wp-json\/wp\/v2\/pages\/57852\/revisions"}],"predecessor-version":[{"id":57865,"href":"https:\/\/www.canserrat.com\/es\/wp-json\/wp\/v2\/pages\/57852\/revisions\/57865"}],"up":[{"embeddable":true,"href":"https:\/\/www.canserrat.com\/es\/wp-json\/wp\/v2\/pages\/50605"}],"wp:attachment":[{"href":"https:\/\/www.canserrat.com\/es\/wp-json\/wp\/v2\/media?parent=57852"}],"curies":[{"name":"wp","href":"https:\/\/api.w.org\/{rel}","templated":true}]}}