{"id":54961,"date":"2023-12-20T12:05:54","date_gmt":"2023-12-20T12:05:54","guid":{"rendered":"https:\/\/www.canserrat.com\/?page_id=54961"},"modified":"2025-11-17T07:19:15","modified_gmt":"2025-11-17T07:19:15","slug":"paneras","status":"publish","type":"page","link":"https:\/\/www.canserrat.com\/es\/paneras\/","title":{"rendered":"Cestas de Navidad"},"content":{"rendered":"\t\t<div data-elementor-type=\"wp-page\" data-elementor-id=\"54961\" class=\"elementor elementor-54961 elementor-54960\">\n\t\t\t\t\t\t\t\t\t<section class=\"elementor-section elementor-top-section elementor-element elementor-element-5ba8849 elementor-section-height-min-height elementor-section-boxed elementor-section-height-default elementor-section-items-middle\" data-id=\"5ba8849\" data-element_type=\"section\" data-settings=\"{&quot;background_background&quot;:&quot;classic&quot;}\">\n\t\t\t\t\t\t<div class=\"elementor-container elementor-column-gap-wider\">\n\t\t\t\t\t<div class=\"elementor-column elementor-col-100 elementor-top-column elementor-element elementor-element-4c9b1d9\" data-id=\"4c9b1d9\" data-element_type=\"column\">\n\t\t\t<div class=\"elementor-widget-wrap elementor-element-populated\">\n\t\t\t\t\t\t\t\t<div class=\"elementor-element elementor-element-41fe1ca elementor-widget__width-auto animated-fast elementor-invisible elementor-widget elementor-widget-heading\" data-id=\"41fe1ca\" data-element_type=\"widget\" data-settings=\"{&quot;_animation&quot;:&quot;fadeInUp&quot;}\" data-widget_type=\"heading.default\">\n\t\t\t\t<div class=\"elementor-widget-container\">\n\t\t\t<style>\/*! elementor - v3.16.0 - 20-09-2023 *\/\n.elementor-heading-title{padding:0;margin:0;line-height:1}.elementor-widget-heading .elementor-heading-title[class*=elementor-size-]>a{color:inherit;font-size:inherit;line-height:inherit}.elementor-widget-heading .elementor-heading-title.elementor-size-small{font-size:15px}.elementor-widget-heading .elementor-heading-title.elementor-size-medium{font-size:19px}.elementor-widget-heading .elementor-heading-title.elementor-size-large{font-size:29px}.elementor-widget-heading .elementor-heading-title.elementor-size-xl{font-size:39px}.elementor-widget-heading .elementor-heading-title.elementor-size-xxl{font-size:59px}<\/style><h2 class=\"elementor-heading-title elementor-size-default\">Cestas de Navidad<\/h2>\t\t<\/div>\n\t\t\t\t<\/div>\n\t\t\t\t<div class=\"elementor-element elementor-element-8000ed1 elementor-widget elementor-widget-spacer\" data-id=\"8000ed1\" data-element_type=\"widget\" data-widget_type=\"spacer.default\">\n\t\t\t\t<div class=\"elementor-widget-container\">\n\t\t\t<style>\/*! elementor - v3.16.0 - 20-09-2023 *\/\n.elementor-column .elementor-spacer-inner{height:var(--spacer-size)}.e-con{--container-widget-width:100%}.e-con-inner>.elementor-widget-spacer,.e-con>.elementor-widget-spacer{width:var(--container-widget-width,var(--spacer-size));--align-self:var(--container-widget-align-self,initial);--flex-shrink:0}.e-con-inner>.elementor-widget-spacer>.elementor-widget-container,.e-con>.elementor-widget-spacer>.elementor-widget-container{height:100%;width:100%}.e-con-inner>.elementor-widget-spacer>.elementor-widget-container>.elementor-spacer,.e-con>.elementor-widget-spacer>.elementor-widget-container>.elementor-spacer{height:100%}.e-con-inner>.elementor-widget-spacer>.elementor-widget-container>.elementor-spacer>.elementor-spacer-inner,.e-con>.elementor-widget-spacer>.elementor-widget-container>.elementor-spacer>.elementor-spacer-inner{height:var(--container-widget-height,var(--spacer-size))}.e-con-inner>.elementor-widget-spacer.elementor-widget-empty,.e-con>.elementor-widget-spacer.elementor-widget-empty{position:relative;min-height:22px;min-width:22px}.e-con-inner>.elementor-widget-spacer.elementor-widget-empty .elementor-widget-empty-icon,.e-con>.elementor-widget-spacer.elementor-widget-empty .elementor-widget-empty-icon{position:absolute;top:0;bottom:0;left:0;right:0;margin:auto;padding:0;width:22px;height:22px}<\/style>\t\t<div class=\"elementor-spacer\">\n\t\t\t<div class=\"elementor-spacer-inner\"><\/div>\n\t\t<\/div>\n\t\t\t\t<\/div>\n\t\t\t\t<\/div>\n\t\t\t\t<div class=\"elementor-element elementor-element-f5e6f26 elementor-invisible elementor-widget elementor-widget-heading\" data-id=\"f5e6f26\" data-element_type=\"widget\" data-settings=\"{&quot;_animation&quot;:&quot;fadeIn&quot;,&quot;_animation_delay&quot;:400}\" data-widget_type=\"heading.default\">\n\t\t\t\t<div class=\"elementor-widget-container\">\n\t\t\t<h1 class=\"elementor-heading-title elementor-size-default\">Cestas y lotes de Navidad<\/h1>\t\t<\/div>\n\t\t\t\t<\/div>\n\t\t\t\t\t<\/div>\n\t\t<\/div>\n\t\t\t\t\t\t\t<\/div>\n\t\t<\/section>\n\t\t\t\t<section class=\"elementor-section elementor-top-section elementor-element elementor-element-b1062d0 elementor-reverse-mobile elementor-section-content-middle elementor-section-boxed elementor-section-height-default elementor-section-height-default\" data-id=\"b1062d0\" data-element_type=\"section\">\n\t\t\t\t\t\t<div class=\"elementor-container elementor-column-gap-wider\">\n\t\t\t\t\t<div class=\"elementor-column elementor-col-50 elementor-top-column elementor-element elementor-element-46d6bc1\" data-id=\"46d6bc1\" data-element_type=\"column\">\n\t\t\t<div class=\"elementor-widget-wrap elementor-element-populated\">\n\t\t\t\t\t\t\t\t<div class=\"elementor-element elementor-element-8c8e895 elementor-widget elementor-widget-spacer\" data-id=\"8c8e895\" data-element_type=\"widget\" data-widget_type=\"spacer.default\">\n\t\t\t\t<div class=\"elementor-widget-container\">\n\t\t\t\t\t<div class=\"elementor-spacer\">\n\t\t\t<div class=\"elementor-spacer-inner\"><\/div>\n\t\t<\/div>\n\t\t\t\t<\/div>\n\t\t\t\t<\/div>\n\t\t\t\t<div class=\"elementor-element elementor-element-7393556 elementor-widget elementor-widget-text-editor\" data-id=\"7393556\" data-element_type=\"widget\" data-widget_type=\"text-editor.default\">\n\t\t\t\t<div class=\"elementor-widget-container\">\n\t\t\t<style>\/*! elementor - v3.16.0 - 20-09-2023 *\/\n.elementor-widget-text-editor.elementor-drop-cap-view-stacked .elementor-drop-cap{background-color:#69727d;color:#fff}.elementor-widget-text-editor.elementor-drop-cap-view-framed .elementor-drop-cap{color:#69727d;border:3px solid;background-color:transparent}.elementor-widget-text-editor:not(.elementor-drop-cap-view-default) .elementor-drop-cap{margin-top:8px}.elementor-widget-text-editor:not(.elementor-drop-cap-view-default) .elementor-drop-cap-letter{width:1em;height:1em}.elementor-widget-text-editor .elementor-drop-cap{float:left;text-align:center;line-height:1;font-size:50px}.elementor-widget-text-editor .elementor-drop-cap-letter{display:inline-block}<\/style>\t\t\t\t<p>Hacemos todo tipo de Cestas, Lotes y jamones tanto para empresas como para particulares.<\/p>\n<p>Te ofrecemos lotes y cestas 100% personalizables y adaptados a tus necesidades.<\/p>\n<p>Puedes consultar el cat\u00e1logo de este a\u00f1o a continuaci\u00f3n, y para m\u00e1s informaci\u00f3n, <span style=\"word-spacing: normal;\">escr\u00edbenos a nuestro <a href=\"https:\/\/api.whatsapp.com\/send?phone=34677994659&amp;text=\u00a1Hola!%20Quiero%20m\u00e1s%20informaci%C3%B3n%20sobre%20las%20cestas%20y%20lotes%20de%20Navidad.\" target=\"_blank\" rel=\"noopener\">WhatsApp de la tienda de Matar\u00f3<\/a><\/span><\/p>\n\t\t\t\t\t\t<\/div>\n\t\t\t\t<\/div>\n\t\t\t\t<div class=\"elementor-element elementor-element-9f03e75 elementor-widget elementor-widget-spacer\" data-id=\"9f03e75\" data-element_type=\"widget\" data-widget_type=\"spacer.default\">\n\t\t\t\t<div class=\"elementor-widget-container\">\n\t\t\t\t\t<div class=\"elementor-spacer\">\n\t\t\t<div class=\"elementor-spacer-inner\"><\/div>\n\t\t<\/div>\n\t\t\t\t<\/div>\n\t\t\t\t<\/div>\n\t\t\t\t\t<\/div>\n\t\t<\/div>\n\t\t\t\t<div class=\"elementor-column elementor-col-50 elementor-top-column elementor-element elementor-element-6132644\" data-id=\"6132644\" data-element_type=\"column\">\n\t\t\t<div class=\"elementor-widget-wrap elementor-element-populated\">\n\t\t\t\t\t\t\t\t<div class=\"elementor-element elementor-element-8402aa1 elementor-widget elementor-widget-shortcode\" data-id=\"8402aa1\" data-element_type=\"widget\" data-widget_type=\"shortcode.default\">\n\t\t\t\t<div class=\"elementor-widget-container\">\n\t\t\t\t\t<div class=\"elementor-shortcode\"><div class=\"_df_thumb \" id=\"df_62079\"  _slug=\"paneres-nadal-2025\" data-title=\"paneres-nadal-2025\" wpoptions=\"true\" thumb=\"https:\/\/www.canserrat.com\/wp-content\/uploads\/2025\/11\/Portada-paneres.jpg\" thumbtype=\"\" >Paneres Nadal 2025<\/div><script class=\"df-shortcode-script\" nowprocket type=\"application\/javascript\">window.option_df_62079 = {\"outline\":[],\"autoEnableOutline\":\"false\",\"autoEnableThumbnail\":\"false\",\"overwritePDFOutline\":\"false\",\"direction\":\"1\",\"pageSize\":\"0\",\"source\":\"https:\\\/\\\/canserrat.com\\\/wp-content\\\/uploads\\\/cataleg\\\/Serrat.pdf\",\"wpOptions\":\"true\"}; if(window.DFLIP && window.DFLIP.parseBooks){window.DFLIP.parseBooks();}<\/script><\/div>\n\t\t\t\t<\/div>\n\t\t\t\t<\/div>\n\t\t\t\t\t<\/div>\n\t\t<\/div>\n\t\t\t\t\t\t\t<\/div>\n\t\t<\/section>\n\t\t\t\t\t\t\t<\/div>\n\t\t","protected":false},"excerpt":{"rendered":"<p>Cestas de Navidad Cestas y lotes de Navidad Hacemos todo tipo de Cestas, Lotes y jamones tanto para empresas como para particulares. Te ofrecemos lotes y cestas 100% personalizables y adaptados a tus necesidades. Puedes consultar el cat\u00e1logo de este a\u00f1o a continuaci\u00f3n, y para m\u00e1s informaci\u00f3n, escr\u00edbenos a nuestro WhatsApp de la tienda de&hellip;<\/p>\n","protected":false},"author":1,"featured_media":0,"parent":0,"menu_order":20,"comment_status":"closed","ping_status":"closed","template":"elementor_header_footer","meta":{"footnotes":""},"class_list":["post-54961","page","type-page","status-publish","hentry"],"yoast_head":"<!-- This site is optimized with the Yoast SEO plugin v23.7 - https:\/\/yoast.com\/wordpress\/plugins\/seo\/ -->\n<title>Cestas de Navidad - Can Serrat<\/title>\n<meta name=\"robots\" content=\"index, follow, max-snippet:-1, max-image-preview:large, max-video-preview:-1\" \/>\n<link rel=\"canonical\" href=\"https:\/\/www.canserrat.com\/es\/paneras\/\" \/>\n<meta property=\"og:locale\" content=\"es_ES\" \/>\n<meta property=\"og:type\" content=\"article\" \/>\n<meta property=\"og:title\" content=\"Cestas de Navidad - Can Serrat\" \/>\n<meta property=\"og:description\" content=\"Cestas de Navidad Cestas y lotes de Navidad Hacemos todo tipo de Cestas, Lotes y jamones tanto para empresas como para particulares. Te ofrecemos lotes y cestas 100% personalizables y adaptados a tus necesidades. Puedes consultar el cat\u00e1logo de este a\u00f1o a continuaci\u00f3n, y para m\u00e1s informaci\u00f3n, escr\u00edbenos a nuestro WhatsApp de la tienda de&hellip;\" \/>\n<meta property=\"og:url\" content=\"https:\/\/www.canserrat.com\/es\/paneras\/\" \/>\n<meta property=\"og:site_name\" content=\"Can Serrat\" \/>\n<meta property=\"article:modified_time\" content=\"2025-11-17T07:19:15+00:00\" \/>\n<meta name=\"twitter:card\" content=\"summary_large_image\" \/>\n<script type=\"application\/ld+json\" class=\"yoast-schema-graph\">{\"@context\":\"https:\/\/schema.org\",\"@graph\":[{\"@type\":\"WebPage\",\"@id\":\"https:\/\/www.canserrat.com\/es\/paneras\/\",\"url\":\"https:\/\/www.canserrat.com\/es\/paneras\/\",\"name\":\"Cestas de Navidad - Can Serrat\",\"isPartOf\":{\"@id\":\"https:\/\/www.canserrat.com\/es\/#website\"},\"datePublished\":\"2023-12-20T12:05:54+00:00\",\"dateModified\":\"2025-11-17T07:19:15+00:00\",\"breadcrumb\":{\"@id\":\"https:\/\/www.canserrat.com\/es\/paneras\/#breadcrumb\"},\"inLanguage\":\"es\",\"potentialAction\":[{\"@type\":\"ReadAction\",\"target\":[\"https:\/\/www.canserrat.com\/es\/paneras\/\"]}]},{\"@type\":\"BreadcrumbList\",\"@id\":\"https:\/\/www.canserrat.com\/es\/paneras\/#breadcrumb\",\"itemListElement\":[{\"@type\":\"ListItem\",\"position\":1,\"name\":\"Inici\",\"item\":\"https:\/\/www.canserrat.com\/es\/\"},{\"@type\":\"ListItem\",\"position\":2,\"name\":\"Cestas de Navidad\"}]},{\"@type\":\"WebSite\",\"@id\":\"https:\/\/www.canserrat.com\/es\/#website\",\"url\":\"https:\/\/www.canserrat.com\/es\/\",\"name\":\"Can Serrat\",\"description\":\"\",\"publisher\":{\"@id\":\"https:\/\/www.canserrat.com\/es\/#organization\"},\"potentialAction\":[{\"@type\":\"SearchAction\",\"target\":{\"@type\":\"EntryPoint\",\"urlTemplate\":\"https:\/\/www.canserrat.com\/es\/?s={search_term_string}\"},\"query-input\":{\"@type\":\"PropertyValueSpecification\",\"valueRequired\":true,\"valueName\":\"search_term_string\"}}],\"inLanguage\":\"es\"},{\"@type\":\"Organization\",\"@id\":\"https:\/\/www.canserrat.com\/es\/#organization\",\"name\":\"Can Serrat\",\"url\":\"https:\/\/www.canserrat.com\/es\/\",\"logo\":{\"@type\":\"ImageObject\",\"inLanguage\":\"es\",\"@id\":\"https:\/\/www.canserrat.com\/es\/#\/schema\/logo\/image\/\",\"url\":\"https:\/\/www.canserrat.com\/wp-content\/uploads\/2022\/10\/logo.png\",\"contentUrl\":\"https:\/\/www.canserrat.com\/wp-content\/uploads\/2022\/10\/logo.png\",\"width\":230,\"height\":57,\"caption\":\"Can Serrat\"},\"image\":{\"@id\":\"https:\/\/www.canserrat.com\/es\/#\/schema\/logo\/image\/\"}}]}<\/script>\n<!-- \/ Yoast SEO plugin. -->","yoast_head_json":{"title":"Cestas de Navidad - Can Serrat","robots":{"index":"index","follow":"follow","max-snippet":"max-snippet:-1","max-image-preview":"max-image-preview:large","max-video-preview":"max-video-preview:-1"},"canonical":"https:\/\/www.canserrat.com\/es\/paneras\/","og_locale":"es_ES","og_type":"article","og_title":"Cestas de Navidad - Can Serrat","og_description":"Cestas de Navidad Cestas y lotes de Navidad Hacemos todo tipo de Cestas, Lotes y jamones tanto para empresas como para particulares. Te ofrecemos lotes y cestas 100% personalizables y adaptados a tus necesidades. Puedes consultar el cat\u00e1logo de este a\u00f1o a continuaci\u00f3n, y para m\u00e1s informaci\u00f3n, escr\u00edbenos a nuestro WhatsApp de la tienda de&hellip;","og_url":"https:\/\/www.canserrat.com\/es\/paneras\/","og_site_name":"Can Serrat","article_modified_time":"2025-11-17T07:19:15+00:00","twitter_card":"summary_large_image","schema":{"@context":"https:\/\/schema.org","@graph":[{"@type":"WebPage","@id":"https:\/\/www.canserrat.com\/es\/paneras\/","url":"https:\/\/www.canserrat.com\/es\/paneras\/","name":"Cestas de Navidad - Can Serrat","isPartOf":{"@id":"https:\/\/www.canserrat.com\/es\/#website"},"datePublished":"2023-12-20T12:05:54+00:00","dateModified":"2025-11-17T07:19:15+00:00","breadcrumb":{"@id":"https:\/\/www.canserrat.com\/es\/paneras\/#breadcrumb"},"inLanguage":"es","potentialAction":[{"@type":"ReadAction","target":["https:\/\/www.canserrat.com\/es\/paneras\/"]}]},{"@type":"BreadcrumbList","@id":"https:\/\/www.canserrat.com\/es\/paneras\/#breadcrumb","itemListElement":[{"@type":"ListItem","position":1,"name":"Inici","item":"https:\/\/www.canserrat.com\/es\/"},{"@type":"ListItem","position":2,"name":"Cestas de Navidad"}]},{"@type":"WebSite","@id":"https:\/\/www.canserrat.com\/es\/#website","url":"https:\/\/www.canserrat.com\/es\/","name":"Can Serrat","description":"","publisher":{"@id":"https:\/\/www.canserrat.com\/es\/#organization"},"potentialAction":[{"@type":"SearchAction","target":{"@type":"EntryPoint","urlTemplate":"https:\/\/www.canserrat.com\/es\/?s={search_term_string}"},"query-input":{"@type":"PropertyValueSpecification","valueRequired":true,"valueName":"search_term_string"}}],"inLanguage":"es"},{"@type":"Organization","@id":"https:\/\/www.canserrat.com\/es\/#organization","name":"Can Serrat","url":"https:\/\/www.canserrat.com\/es\/","logo":{"@type":"ImageObject","inLanguage":"es","@id":"https:\/\/www.canserrat.com\/es\/#\/schema\/logo\/image\/","url":"https:\/\/www.canserrat.com\/wp-content\/uploads\/2022\/10\/logo.png","contentUrl":"https:\/\/www.canserrat.com\/wp-content\/uploads\/2022\/10\/logo.png","width":230,"height":57,"caption":"Can Serrat"},"image":{"@id":"https:\/\/www.canserrat.com\/es\/#\/schema\/logo\/image\/"}}]}},"_links":{"self":[{"href":"https:\/\/www.canserrat.com\/es\/wp-json\/wp\/v2\/pages\/54961","targetHints":{"allow":["GET"]}}],"collection":[{"href":"https:\/\/www.canserrat.com\/es\/wp-json\/wp\/v2\/pages"}],"about":[{"href":"https:\/\/www.canserrat.com\/es\/wp-json\/wp\/v2\/types\/page"}],"author":[{"embeddable":true,"href":"https:\/\/www.canserrat.com\/es\/wp-json\/wp\/v2\/users\/1"}],"replies":[{"embeddable":true,"href":"https:\/\/www.canserrat.com\/es\/wp-json\/wp\/v2\/comments?post=54961"}],"version-history":[{"count":9,"href":"https:\/\/www.canserrat.com\/es\/wp-json\/wp\/v2\/pages\/54961\/revisions"}],"predecessor-version":[{"id":62106,"href":"https:\/\/www.canserrat.com\/es\/wp-json\/wp\/v2\/pages\/54961\/revisions\/62106"}],"wp:attachment":[{"href":"https:\/\/www.canserrat.com\/es\/wp-json\/wp\/v2\/media?parent=54961"}],"curies":[{"name":"wp","href":"https:\/\/api.w.org\/{rel}","templated":true}]}}